{"id":7,"date":"2020-02-04T17:21:37","date_gmt":"2020-02-04T17:21:37","guid":{"rendered":"https:\/\/zedamed.com.br\/home\/?page_id=7"},"modified":"2020-07-03T14:32:24","modified_gmt":"2020-07-03T14:32:24","slug":"home","status":"publish","type":"page","link":"https:\/\/zedamed.com.br\/home\/","title":{"rendered":"Home"},"content":{"rendered":"\t\t<div data-elementor-type=\"wp-page\" data-elementor-id=\"7\" class=\"elementor elementor-7\">\n\t\t\t\t\t\t<section class=\"elementor-section elementor-top-section elementor-element elementor-element-a90ee53 elementor-section-boxed elementor-section-height-default elementor-section-height-default\" data-id=\"a90ee53\" data-element_type=\"section\">\n\t\t\t\t\t\t<div class=\"elementor-container elementor-column-gap-default\">\n\t\t\t\t\t<div class=\"elementor-column elementor-col-100 elementor-top-column elementor-element elementor-element-82c383f\" data-id=\"82c383f\" data-element_type=\"column\">\n\t\t\t<div class=\"elementor-widget-wrap elementor-element-populated\">\n\t\t\t\t\t\t<div class=\"elementor-element elementor-element-7c1dbf3 elementor-widget elementor-widget-heading\" data-id=\"7c1dbf3\" data-element_type=\"widget\" data-widget_type=\"heading.default\">\n\t\t\t\t<div class=\"elementor-widget-container\">\n\t\t\t\t\t<h3 class=\"elementor-heading-title elementor-size-default\">Seja bem vindo!<\/h3>\t\t\t\t<\/div>\n\t\t\t\t<\/div>\n\t\t\t\t<section class=\"elementor-section elementor-inner-section elementor-element elementor-element-ddd7e3e elementor-section-boxed elementor-section-height-default elementor-section-height-default\" data-id=\"ddd7e3e\" data-element_type=\"section\">\n\t\t\t\t\t\t<div class=\"elementor-container elementor-column-gap-default\">\n\t\t\t\t\t<div class=\"elementor-column elementor-col-100 elementor-inner-column elementor-element elementor-element-3d567ac\" data-id=\"3d567ac\" data-element_type=\"column\">\n\t\t\t<div class=\"elementor-widget-wrap elementor-element-populated\">\n\t\t\t\t\t\t<div class=\"elementor-element elementor-element-9924f07 elementor-widget elementor-widget-text-editor\" data-id=\"9924f07\" data-element_type=\"widget\" data-widget_type=\"text-editor.default\">\n\t\t\t\t<div class=\"elementor-widget-container\">\n\t\t\t\t\t\t\t\t\t<p>A ZEDAMED empresa constitu\u00edda no ano de 1995, atuava na Representa\u00e7\u00e3o Comercial de M\u00f3veis Hospitalares; com o sucesso obtido a partir de Janeiro de 2001, j\u00e1 em nossa sede pr\u00f3pria, continuamos atuando na Representa\u00e7\u00e3o Comercial e ampliamos nossas atividades para a fabrica\u00e7\u00e3o, distribui\u00e7\u00e3o e com\u00e9rcio atacadista da linha completa de M\u00f3veis Hospitalares em a\u00e7o esmaltado e inoxid\u00e1vel; Colch\u00f5es, Colchonetes e Travesseiros Hospitalares; Capas para Colch\u00f5es Hospitalares e Colchonetes de espuma Anti-escaras ( tipo caixa de ovo ).<\/p>\t\t\t\t\t\t\t\t<\/div>\n\t\t\t\t<\/div>\n\t\t\t\t\t<\/div>\n\t\t<\/div>\n\t\t\t\t\t<\/div>\n\t\t<\/section>\n\t\t\t\t\t<\/div>\n\t\t<\/div>\n\t\t\t\t\t<\/div>\n\t\t<\/section>\n\t\t\t\t<section class=\"elementor-section elementor-top-section elementor-element elementor-element-c4289b3 elementor-section-boxed elementor-section-height-default elementor-section-height-default\" data-id=\"c4289b3\" data-element_type=\"section\">\n\t\t\t\t\t\t<div class=\"elementor-container elementor-column-gap-default\">\n\t\t\t\t\t<div class=\"elementor-column elementor-col-100 elementor-top-column elementor-element elementor-element-b5454ce\" data-id=\"b5454ce\" data-element_type=\"column\">\n\t\t\t<div class=\"elementor-widget-wrap elementor-element-populated\">\n\t\t\t\t\t\t<div class=\"elementor-element elementor-element-9e857fd elementor-widget-divider--view-line elementor-widget elementor-widget-divider\" data-id=\"9e857fd\" data-element_type=\"widget\" data-widget_type=\"divider.default\">\n\t\t\t\t<div class=\"elementor-widget-container\">\n\t\t\t\t\t\t\t<div class=\"elementor-divider\">\n\t\t\t<span class=\"elementor-divider-separator\">\n\t\t\t\t\t\t<\/span>\n\t\t<\/div>\n\t\t\t\t\t\t<\/div>\n\t\t\t\t<\/div>\n\t\t\t\t\t<\/div>\n\t\t<\/div>\n\t\t\t\t\t<\/div>\n\t\t<\/section>\n\t\t\t\t<section class=\"elementor-section elementor-top-section elementor-element elementor-element-523f6c0 elementor-section-boxed elementor-section-height-default elementor-section-height-default\" data-id=\"523f6c0\" data-element_type=\"section\">\n\t\t\t\t\t\t<div class=\"elementor-container elementor-column-gap-default\">\n\t\t\t\t\t<div class=\"elementor-column elementor-col-100 elementor-top-column elementor-element elementor-element-422b9b5\" data-id=\"422b9b5\" data-element_type=\"column\">\n\t\t\t<div class=\"elementor-widget-wrap elementor-element-populated\">\n\t\t\t\t\t\t<div class=\"elementor-element elementor-element-51a7068 elementor-widget elementor-widget-text-editor\" data-id=\"51a7068\" data-element_type=\"widget\" data-widget_type=\"text-editor.default\">\n\t\t\t\t<div class=\"elementor-widget-container\">\n\t\t\t\t\t\t\t\t\t<center><span style=\"color: #ffffff; font-size: 36px; background-color: #264b7e;\"> \u00a0Conhe\u00e7a nossos produtos\u00a0 <\/span><\/center>\t\t\t\t\t\t\t\t<\/div>\n\t\t\t\t<\/div>\n\t\t\t\t\t<\/div>\n\t\t<\/div>\n\t\t\t\t\t<\/div>\n\t\t<\/section>\n\t\t\t\t<section class=\"elementor-section elementor-top-section elementor-element elementor-element-ba13c89 elementor-section-boxed elementor-section-height-default elementor-section-height-default\" data-id=\"ba13c89\" data-element_type=\"section\">\n\t\t\t\t\t\t<div class=\"elementor-container elementor-column-gap-default\">\n\t\t\t\t\t<div class=\"elementor-column elementor-col-25 elementor-top-column elementor-element elementor-element-a4d0c63\" data-id=\"a4d0c63\" data-element_type=\"column\">\n\t\t\t<div class=\"elementor-widget-wrap elementor-element-populated\">\n\t\t\t\t\t\t<div class=\"elementor-element elementor-element-0ea4226 elementor-widget elementor-widget-image\" data-id=\"0ea4226\" data-element_type=\"widget\" data-widget_type=\"image.default\">\n\t\t\t\t<div class=\"elementor-widget-container\">\n\t\t\t\t\t\t\t\t\t\t\t\t\t\t\t<img fetchpriority=\"high\" decoding=\"async\" width=\"640\" height=\"456\" src=\"https:\/\/zedamed.com.br\/home\/wp-content\/uploads\/2020\/05\/1.png\" class=\"attachment-large size-large wp-image-166\" alt=\"\" srcset=\"https:\/\/zedamed.com.br\/home\/wp-content\/uploads\/2020\/05\/1.png 1024w, https:\/\/zedamed.com.br\/home\/wp-content\/uploads\/2020\/05\/1-300x214.png 300w, https:\/\/zedamed.com.br\/home\/wp-content\/uploads\/2020\/05\/1-768x547.png 768w\" sizes=\"(max-width: 640px) 100vw, 640px\" \/>\t\t\t\t\t\t\t\t\t\t\t\t\t\t\t<\/div>\n\t\t\t\t<\/div>\n\t\t\t\t\t<\/div>\n\t\t<\/div>\n\t\t\t\t<div class=\"elementor-column elementor-col-25 elementor-top-column elementor-element elementor-element-dd0b6d8\" data-id=\"dd0b6d8\" data-element_type=\"column\">\n\t\t\t<div class=\"elementor-widget-wrap elementor-element-populated\">\n\t\t\t\t\t\t<div class=\"elementor-element elementor-element-d0904a6 elementor-widget elementor-widget-image\" data-id=\"d0904a6\" data-element_type=\"widget\" data-widget_type=\"image.default\">\n\t\t\t\t<div class=\"elementor-widget-container\">\n\t\t\t\t\t\t\t\t\t\t\t\t\t\t\t<img decoding=\"async\" width=\"640\" height=\"456\" src=\"https:\/\/zedamed.com.br\/home\/wp-content\/uploads\/2020\/05\/3.png\" class=\"attachment-large size-large wp-image-168\" alt=\"\" srcset=\"https:\/\/zedamed.com.br\/home\/wp-content\/uploads\/2020\/05\/3.png 1024w, https:\/\/zedamed.com.br\/home\/wp-content\/uploads\/2020\/05\/3-300x214.png 300w, https:\/\/zedamed.com.br\/home\/wp-content\/uploads\/2020\/05\/3-768x547.png 768w\" sizes=\"(max-width: 640px) 100vw, 640px\" \/>\t\t\t\t\t\t\t\t\t\t\t\t\t\t\t<\/div>\n\t\t\t\t<\/div>\n\t\t\t\t\t<\/div>\n\t\t<\/div>\n\t\t\t\t<div class=\"elementor-column elementor-col-25 elementor-top-column elementor-element elementor-element-221e5e7\" data-id=\"221e5e7\" data-element_type=\"column\">\n\t\t\t<div class=\"elementor-widget-wrap elementor-element-populated\">\n\t\t\t\t\t\t<div class=\"elementor-element elementor-element-5aff7bd elementor-widget elementor-widget-image\" data-id=\"5aff7bd\" data-element_type=\"widget\" data-widget_type=\"image.default\">\n\t\t\t\t<div class=\"elementor-widget-container\">\n\t\t\t\t\t\t\t\t\t\t\t\t\t\t\t<img decoding=\"async\" width=\"640\" height=\"456\" src=\"https:\/\/zedamed.com.br\/home\/wp-content\/uploads\/2020\/05\/2.png\" class=\"attachment-large size-large wp-image-167\" alt=\"\" srcset=\"https:\/\/zedamed.com.br\/home\/wp-content\/uploads\/2020\/05\/2.png 1024w, https:\/\/zedamed.com.br\/home\/wp-content\/uploads\/2020\/05\/2-300x214.png 300w, https:\/\/zedamed.com.br\/home\/wp-content\/uploads\/2020\/05\/2-768x547.png 768w\" sizes=\"(max-width: 640px) 100vw, 640px\" \/>\t\t\t\t\t\t\t\t\t\t\t\t\t\t\t<\/div>\n\t\t\t\t<\/div>\n\t\t\t\t\t<\/div>\n\t\t<\/div>\n\t\t\t\t<div class=\"elementor-column elementor-col-25 elementor-top-column elementor-element elementor-element-3f30eb7\" data-id=\"3f30eb7\" data-element_type=\"column\">\n\t\t\t<div class=\"elementor-widget-wrap elementor-element-populated\">\n\t\t\t\t\t\t<div class=\"elementor-element elementor-element-67f184d elementor-widget elementor-widget-image\" data-id=\"67f184d\" data-element_type=\"widget\" data-widget_type=\"image.default\">\n\t\t\t\t<div class=\"elementor-widget-container\">\n\t\t\t\t\t\t\t\t\t\t\t\t\t\t\t<img loading=\"lazy\" decoding=\"async\" width=\"640\" height=\"456\" src=\"https:\/\/zedamed.com.br\/home\/wp-content\/uploads\/2020\/05\/4.png\" class=\"attachment-large size-large wp-image-169\" alt=\"\" srcset=\"https:\/\/zedamed.com.br\/home\/wp-content\/uploads\/2020\/05\/4.png 1024w, https:\/\/zedamed.com.br\/home\/wp-content\/uploads\/2020\/05\/4-300x214.png 300w, https:\/\/zedamed.com.br\/home\/wp-content\/uploads\/2020\/05\/4-768x547.png 768w\" sizes=\"(max-width: 640px) 100vw, 640px\" \/>\t\t\t\t\t\t\t\t\t\t\t\t\t\t\t<\/div>\n\t\t\t\t<\/div>\n\t\t\t\t\t<\/div>\n\t\t<\/div>\n\t\t\t\t\t<\/div>\n\t\t<\/section>\n\t\t\t\t<\/div>\n\t\t","protected":false},"excerpt":{"rendered":"<p>Seja bem vindo! A ZEDAMED empresa constitu\u00edda no ano de 1995, atuava na Representa\u00e7\u00e3o Comercial de M\u00f3veis Hospitalares; com o sucesso obtido a partir de Janeiro de 2001, j\u00e1 em nossa sede pr\u00f3pria, continuamos atuando na Representa\u00e7\u00e3o Comercial e ampliamos nossas atividades para a fabrica\u00e7\u00e3o, distribui\u00e7\u00e3o e com\u00e9rcio atacadista da linha completa de M\u00f3veis Hospitalares<span class=\"read-more-faq\"><a href=\"https:\/\/zedamed.com.br\/home\/\">Read More<\/a><\/span><\/p>\n","protected":false},"author":2,"featured_media":0,"parent":0,"menu_order":0,"comment_status":"closed","ping_status":"closed","template":"elementor_header_footer","meta":{"footnotes":""},"_links":{"self":[{"href":"https:\/\/zedamed.com.br\/home\/index.php?rest_route=\/wp\/v2\/pages\/7"}],"collection":[{"href":"https:\/\/zedamed.com.br\/home\/index.php?rest_route=\/wp\/v2\/pages"}],"about":[{"href":"https:\/\/zedamed.com.br\/home\/index.php?rest_route=\/wp\/v2\/types\/page"}],"author":[{"embeddable":true,"href":"https:\/\/zedamed.com.br\/home\/index.php?rest_route=\/wp\/v2\/users\/2"}],"replies":[{"embeddable":true,"href":"https:\/\/zedamed.com.br\/home\/index.php?rest_route=%2Fwp%2Fv2%2Fcomments&post=7"}],"version-history":[{"count":12,"href":"https:\/\/zedamed.com.br\/home\/index.php?rest_route=\/wp\/v2\/pages\/7\/revisions"}],"predecessor-version":[{"id":185,"href":"https:\/\/zedamed.com.br\/home\/index.php?rest_route=\/wp\/v2\/pages\/7\/revisions\/185"}],"wp:attachment":[{"href":"https:\/\/zedamed.com.br\/home\/index.php?rest_route=%2Fwp%2Fv2%2Fmedia&parent=7"}],"curies":[{"name":"wp","href":"https:\/\/api.w.org\/{rel}","templated":true}]}}